{"id":23,"date":"2021-11-21T10:34:53","date_gmt":"2021-11-21T09:34:53","guid":{"rendered":"http:\/\/www.siemprevivaduo.fr\/?page_id=23"},"modified":"2025-11-02T22:28:18","modified_gmt":"2025-11-02T21:28:18","slug":"a-propos-de","status":"publish","type":"page","link":"https:\/\/www.siemprevivaduo.fr\/?page_id=23","title":{"rendered":"Bios"},"content":{"rendered":"\n<figure class=\"wp-block-image size-large\"><img loading=\"lazy\" decoding=\"async\" width=\"1024\" height=\"768\" src=\"https:\/\/www.siemprevivaduo.fr\/wp-content\/uploads\/2022\/01\/P1220054-1024x768.jpg\" alt=\"\" class=\"wp-image-123\" style=\"aspect-ratio:3\/2;object-fit:cover\" srcset=\"https:\/\/www.siemprevivaduo.fr\/wp-content\/uploads\/2022\/01\/P1220054-1024x768.jpg 1024w, https:\/\/www.siemprevivaduo.fr\/wp-content\/uploads\/2022\/01\/P1220054-300x225.jpg 300w, https:\/\/www.siemprevivaduo.fr\/wp-content\/uploads\/2022\/01\/P1220054-768x576.jpg 768w, https:\/\/www.siemprevivaduo.fr\/wp-content\/uploads\/2022\/01\/P1220054-1536x1152.jpg 1536w, https:\/\/www.siemprevivaduo.fr\/wp-content\/uploads\/2022\/01\/P1220054-2048x1536.jpg 2048w\" sizes=\"auto, (max-width: 1024px) 100vw, 1024px\" \/><\/figure>\n\n\n\n<div class=\"wp-block-columns is-layout-flex wp-container-core-columns-is-layout-9d6595d7 wp-block-columns-is-layout-flex\">\n<div class=\"wp-block-column is-layout-flow wp-block-column-is-layout-flow\" style=\"flex-basis:0%\"><\/div>\n\n\n\n<div class=\"wp-block-column is-layout-flow wp-block-column-is-layout-flow\" style=\"flex-basis:74%\">\n<p><strong>France Besson-Girard<\/strong> apprend le violon aupr\u00e8s de <a href=\"https:\/\/youtu.be\/SOD5dT240V8?si=pDNiOkYP98TR-MHG\">L\u00e9on Zighera<\/a>, auteur de nombreuses m\u00e9thodes pour le violon et concertiste, directeur du conservatoire de M\u00e2con. Elle se perfectionne aupr\u00e8s de <a href=\"https:\/\/fr.wikipedia.org\/wiki\/Fr%C3%A9d%C3%A9ric_Pelassy\">Fr\u00e9d\u00e9ric Pelassy<\/a>, et <a href=\"https:\/\/www.musiciens.fr\/alain-arias.php\">Alain Arias<\/a>, violonistes virtuoses. Elle s&rsquo;int\u00e9resse \u00e0 la musique sous toutes ses formes et de toute origine, elle joue aussi entre autre avec <a href=\"https:\/\/www.youtube.com\/channel\/UC8FY7RFIinrob21h-lm1CyA\" data-type=\"link\" data-id=\"https:\/\/www.youtube.com\/channel\/UC8FY7RFIinrob21h-lm1CyA\">Circ\u00e9<\/a> Santander (duo EnArmonia). <br>Elle co-\u00e9crit avec Jacques Dubois, chef d\u2019orchestre, violoniste, contrebassiste, pianiste, un livre sur le jeu du violon pr\u00e9fac\u00e9 par <a href=\"https:\/\/fr.wikipedia.org\/wiki\/Gilles_Apap\">Gilles Apap<\/a>. Le livre a \u00e9t\u00e9 publi\u00e9 en 2022 sous le titre de <a href=\"https:\/\/www.daytodaystrings.com\/\">Note au Fil des jours<\/a>.<\/p>\n<\/div>\n<\/div>\n\n\n\n<div class=\"wp-block-columns is-layout-flex wp-container-core-columns-is-layout-9d6595d7 wp-block-columns-is-layout-flex\">\n<div class=\"wp-block-column is-layout-flow wp-block-column-is-layout-flow\" style=\"flex-basis:0%\"><\/div>\n\n\n\n<div class=\"wp-block-column is-layout-flow wp-block-column-is-layout-flow\" style=\"flex-basis:75%\">\n<p class=\"has-text-align-left\"><strong>Ibet de Los Angeles Alvarez Mompie<\/strong> commence ses \u00e9tudes musicales d\u00e8s l\u2019\u00e2ge de 8 ans. En 2008, elle valide sa licence de guitare \u00e0 l\u2019Institut Sup\u00e9rieur des Arts de la Havane (Cuba) sous la direction du p\u00e9dagogue et guitariste Martin Pedreira, docteur en Sciences de l\u2019Art. En 2013, elle obtient son Master en Interpr\u00e9tation de Guitare Classique aupr\u00e8s de l\u2019Universit\u00e9 d\u2019Alicante (Espagne). Tout au long de ses \u00e9tudes, elle s&rsquo;est perfectionn\u00e9 aupr\u00e8s diff\u00e9rents ma\u00eetres de la guitare : David Russell, Ignacio Rodes, Hopkinson Smith, Roberto Aussel, Carles Trepat \u2026 Depuis 2016 elle collabore avec des formations dans les domaines de la musique traditionnelle du V\u00e9n\u00e9zu\u00e9la (Kukis trio), de Cuba (Son de cuban\u00eda), ainsi que de Portugal (Eleziela Fado).&nbsp;Ibet&nbsp;de Los Angeles enseigne la guitare au Conservatoire de Musique et Th\u00e9\u00e2tre de Saint-Priest.<br>Sa page de site : <a href=\"https:\/\/www.ibetdelosangeles.com\/#:~:text=En%20tant%20que%20soliste%20et%20comme%20membre%20de,a%20particip%C3%A9%20%C3%A0%20diff%C3%A9rents%20festivals%20internationaux%20de%20guitare.\">Ibet de los \u00c1ngeles &#8211; Guitariste cubaine (ibetdelosangeles.com)<\/a><br>Sa page Spotify : <a href=\"https:\/\/open.spotify.com\/artist\/0chquDePibFZpMGlyl5ZWv?si=ED63Im47TWSxmuYUr-Bu3Q&amp;nd=1\">Ibet de los Angeles | Spotify<\/a><\/p>\n\n\n\n<p class=\"has-text-align-left\"><\/p>\n<\/div>\n<\/div>\n\n\n\n<p class=\"has-text-align-center\"><\/p>\n\n\n\n<p class=\"has-text-align-left\"><\/p>\n\n\n\n<p><\/p>\n\n\n\n<p class=\"has-text-align-left\"><\/p>\n","protected":false},"excerpt":{"rendered":"<p>France Besson-Girard apprend le violon aupr\u00e8s de L\u00e9on Zighera, auteur de nombreuses m\u00e9thodes pour le violon et concertiste, directeur du conservatoire de M\u00e2con. Elle se perfectionne aupr\u00e8s de Fr\u00e9d\u00e9ric Pelassy, et Alain Arias, violonistes virtuoses. Elle s&rsquo;int\u00e9resse \u00e0 la musique &hellip; <a href=\"https:\/\/www.siemprevivaduo.fr\/?page_id=23\">Continuer la lecture <span class=\"meta-nav\">&rarr;<\/span><\/a><\/p>\n","protected":false},"author":1,"featured_media":135,"parent":0,"menu_order":0,"comment_status":"closed","ping_status":"closed","template":"","meta":{"footnotes":""},"class_list":["post-23","page","type-page","status-publish","has-post-thumbnail","hentry"],"_links":{"self":[{"href":"https:\/\/www.siemprevivaduo.fr\/index.php?rest_route=\/wp\/v2\/pages\/23","targetHints":{"allow":["GET"]}}],"collection":[{"href":"https:\/\/www.siemprevivaduo.fr\/index.php?rest_route=\/wp\/v2\/pages"}],"about":[{"href":"https:\/\/www.siemprevivaduo.fr\/index.php?rest_route=\/wp\/v2\/types\/page"}],"author":[{"embeddable":true,"href":"https:\/\/www.siemprevivaduo.fr\/index.php?rest_route=\/wp\/v2\/users\/1"}],"replies":[{"embeddable":true,"href":"https:\/\/www.siemprevivaduo.fr\/index.php?rest_route=%2Fwp%2Fv2%2Fcomments&post=23"}],"version-history":[{"count":47,"href":"https:\/\/www.siemprevivaduo.fr\/index.php?rest_route=\/wp\/v2\/pages\/23\/revisions"}],"predecessor-version":[{"id":611,"href":"https:\/\/www.siemprevivaduo.fr\/index.php?rest_route=\/wp\/v2\/pages\/23\/revisions\/611"}],"wp:featuredmedia":[{"embeddable":true,"href":"https:\/\/www.siemprevivaduo.fr\/index.php?rest_route=\/wp\/v2\/media\/135"}],"wp:attachment":[{"href":"https:\/\/www.siemprevivaduo.fr\/index.php?rest_route=%2Fwp%2Fv2%2Fmedia&parent=23"}],"curies":[{"name":"wp","href":"https:\/\/api.w.org\/{rel}","templated":true}]}}