{"id":22,"date":"2021-11-21T10:34:53","date_gmt":"2021-11-21T09:34:53","guid":{"rendered":"http:\/\/www.siemprevivaduo.fr\/?page_id=22"},"modified":"2026-04-05T15:00:18","modified_gmt":"2026-04-05T13:00:18","slug":"accueil","status":"publish","type":"page","link":"https:\/\/www.siemprevivaduo.fr\/","title":{"rendered":"Une guitare et un violon"},"content":{"rendered":"\n<div class=\"wp-block-columns is-layout-flex wp-container-core-columns-is-layout-9d6595d7 wp-block-columns-is-layout-flex\">\n<div class=\"wp-block-column is-layout-flow wp-block-column-is-layout-flow\" style=\"flex-basis:100%\">\n<p>Amoureuses du son des deux instruments, deux musiciennes, Ibet de Los Angeles Alvarez Mompie et France Besson-Girard, d\u00e9cident de s&rsquo;approprier un r\u00e9pertoire qui met en valeur la guitare et le violon. \u00c0 la recherche d&rsquo;un son, les deux musiciennes parcourent l&rsquo;histoire de la musique \u00e0 travers des compositions toujours singuli\u00e8res.<\/p>\n<\/div>\n<\/div>\n\n\n\n<figure class=\"wp-block-image size-full\"><img loading=\"lazy\" decoding=\"async\" width=\"2560\" height=\"1920\" src=\"https:\/\/www.siemprevivaduo.fr\/wp-content\/uploads\/2021\/11\/P1220118-scaled.jpg\" alt=\"\" class=\"wp-image-33\" srcset=\"https:\/\/www.siemprevivaduo.fr\/wp-content\/uploads\/2021\/11\/P1220118-scaled.jpg 2560w, https:\/\/www.siemprevivaduo.fr\/wp-content\/uploads\/2021\/11\/P1220118-300x225.jpg 300w, https:\/\/www.siemprevivaduo.fr\/wp-content\/uploads\/2021\/11\/P1220118-1024x768.jpg 1024w, https:\/\/www.siemprevivaduo.fr\/wp-content\/uploads\/2021\/11\/P1220118-768x576.jpg 768w, https:\/\/www.siemprevivaduo.fr\/wp-content\/uploads\/2021\/11\/P1220118-1536x1152.jpg 1536w, https:\/\/www.siemprevivaduo.fr\/wp-content\/uploads\/2021\/11\/P1220118-2048x1536.jpg 2048w\" sizes=\"auto, (max-width: 2560px) 100vw, 2560px\" \/><\/figure>\n\n\n\n<div class=\"wp-block-columns are-vertically-aligned-center is-layout-flex wp-container-core-columns-is-layout-9d6595d7 wp-block-columns-is-layout-flex\">\n<div class=\"wp-block-column is-layout-flow wp-block-column-is-layout-flow\" style=\"flex-basis:100%\">\n<p>Le duo se connait depuis 2018 et joue r\u00e9guli\u00e8rement depuis. De la musique italienne, espagnole, argentine, le duo choisit des compositions qui puisent leurs inspirations dans les musiques traditionnelles et populaires (musique d\u2019Am\u00e9rique du Sud, d&rsquo;Italie, d&rsquo;Espagne, France). <\/p>\n\n\n\n<p>Siempreviva duo touche des publics aussi vari\u00e9s que possible au gr\u00e9 de festivals et de concerts, dans les \u00e9glises, des lieux culturels. Toujours guid\u00e9es par l\u2019esprit de rencontre, chaque concert du duo est un moment de complicit\u00e9 avec le public.<\/p>\n\n\n\n<p>Aimant faire des projets multi artistiques, le duo fait des lectures musicales, joue dans le cadre d&rsquo;expositions de peinture et projette de jouer avec des danseurs.<\/p>\n\n\n\n<p>Apr\u00e8s <a href=\"http:\/\/youtube.com\/watch?v=zZJTiutj0kI&amp;list=OLAK5uy_lgFbxuH3_DT_tihBfzRAHQU73T3kAyRaI\"><em>\u00ab\u00a0<\/em> <em>Un s\u00e9jour en Italie\u00a0\u00bb<\/em><\/a> &#8211; 2022,\u00a0 \u00ab\u00a0<em>Une histoire de Tango<\/em>\u00a0\u00bb &#8211; 2025, le duo pr\u00e9pare son troisi\u00e8me disque (<a href=\"https:\/\/www.helloasso.com\/associations\/musiquette-tralala\/boutiques\/une-histoire-de-tango?_gl=1%2axnxee6%2a_gcl_aw%2aR0NMLjE3NjA4NjI4MzEuQ2p3S0NBandtTkxIQmhBNEVpd0EzdHMzbWNvUEMyQkhOQzBxUFBaSVJqMGV6cnFRYXBpemxOaGlGMm5hQU9POWx3THlHRlltVm5LeDJ4b0NXaGdRQXZEX0J3RQ..%2a_gcl_au%2aMTk5MjY3MTMzMS4xNzU3MTYyOTI5LjE2Njg1NjA4NjcuMTc2MjExODMyMS4xNzYyMTE4NDg4\">boutique en ligne<\/a>)<\/p>\n<\/div>\n<\/div>\n\n\n\n<p><\/p>\n","protected":false},"excerpt":{"rendered":"<p>Amoureuses du son des deux instruments, deux musiciennes, Ibet de Los Angeles Alvarez Mompie et France Besson-Girard, d\u00e9cident de s&rsquo;approprier un r\u00e9pertoire qui met en valeur la guitare et le violon. \u00c0 la recherche d&rsquo;un son, les deux musiciennes parcourent &hellip; <a href=\"https:\/\/www.siemprevivaduo.fr\/\">Continuer la lecture <span class=\"meta-nav\">&rarr;<\/span><\/a><\/p>\n","protected":false},"author":1,"featured_media":135,"parent":0,"menu_order":0,"comment_status":"closed","ping_status":"closed","template":"","meta":{"footnotes":""},"class_list":["post-22","page","type-page","status-publish","has-post-thumbnail","hentry"],"_links":{"self":[{"href":"https:\/\/www.siemprevivaduo.fr\/index.php?rest_route=\/wp\/v2\/pages\/22","targetHints":{"allow":["GET"]}}],"collection":[{"href":"https:\/\/www.siemprevivaduo.fr\/index.php?rest_route=\/wp\/v2\/pages"}],"about":[{"href":"https:\/\/www.siemprevivaduo.fr\/index.php?rest_route=\/wp\/v2\/types\/page"}],"author":[{"embeddable":true,"href":"https:\/\/www.siemprevivaduo.fr\/index.php?rest_route=\/wp\/v2\/users\/1"}],"replies":[{"embeddable":true,"href":"https:\/\/www.siemprevivaduo.fr\/index.php?rest_route=%2Fwp%2Fv2%2Fcomments&post=22"}],"version-history":[{"count":54,"href":"https:\/\/www.siemprevivaduo.fr\/index.php?rest_route=\/wp\/v2\/pages\/22\/revisions"}],"predecessor-version":[{"id":632,"href":"https:\/\/www.siemprevivaduo.fr\/index.php?rest_route=\/wp\/v2\/pages\/22\/revisions\/632"}],"wp:featuredmedia":[{"embeddable":true,"href":"https:\/\/www.siemprevivaduo.fr\/index.php?rest_route=\/wp\/v2\/media\/135"}],"wp:attachment":[{"href":"https:\/\/www.siemprevivaduo.fr\/index.php?rest_route=%2Fwp%2Fv2%2Fmedia&parent=22"}],"curies":[{"name":"wp","href":"https:\/\/api.w.org\/{rel}","templated":true}]}}