{"id":174,"date":"2022-01-07T17:57:41","date_gmt":"2022-01-07T16:57:41","guid":{"rendered":"http:\/\/www.siemprevivaduo.fr\/?page_id=174"},"modified":"2026-04-05T15:04:24","modified_gmt":"2026-04-05T13:04:24","slug":"actualites","status":"publish","type":"page","link":"https:\/\/www.siemprevivaduo.fr\/?page_id=174","title":{"rendered":"Concerts"},"content":{"rendered":"\n<p>Le duo se produit r\u00e9guli\u00e8rement dans des salles de spectacle, des festivals, \u00e9glises, salles des f\u00eates.<\/p>\n\n\n\n<p>Soucieux de porter la musique \u00e0 des publics qui ne peuvent pas aller dans les salles de concert, le duo intervient dans des maisons de retraites, des h\u00f4pitaux, aupr\u00e8s des enfants.<\/p>\n\n\n<p>14 novembre, 20h30 &#8211; Concert <strong>\u00ab\u00a0Une histoire de Tango\u00a0\u00bb<\/strong> au <strong>th\u00e9\u00e2tre de l&rsquo;Uchronie<\/strong> &#8211; 19 rue de Marseilles &#8211; Lyon 7.\u00a0<\/p>\n\n\n<p>Janvier- mars,  2026 &#8211; concerts priv\u00e9s<\/p>\n\n\n\n<p>Samedi 18 Avril 2026 &#8211; 19 heures  &#8211; Concert \u00e0 l&rsquo;\u00e9glise Saint Sauveur &#8211; 30 place Saint Sauveur -Manosque organis\u00e9 par le comit\u00e9 de jumelage Manosque-Voghera &#8211; \u00ab\u00a0<em>Un s\u00e9jour en Italie<\/em>\u00ab\u00a0<\/p>\n\n\n\n<p><\/p>\n","protected":false},"excerpt":{"rendered":"<p>Le duo se produit r\u00e9guli\u00e8rement dans des salles de spectacle, des festivals, \u00e9glises, salles des f\u00eates. Soucieux de porter la musique \u00e0 des publics qui ne peuvent pas aller dans les salles de concert, le duo intervient dans des maisons &hellip; <a href=\"https:\/\/www.siemprevivaduo.fr\/?page_id=174\">Continuer la lecture <span class=\"meta-nav\">&rarr;<\/span><\/a><\/p>\n","protected":false},"author":1,"featured_media":135,"parent":0,"menu_order":0,"comment_status":"closed","ping_status":"closed","template":"","meta":{"footnotes":""},"class_list":["post-174","page","type-page","status-publish","has-post-thumbnail","hentry"],"_links":{"self":[{"href":"https:\/\/www.siemprevivaduo.fr\/index.php?rest_route=\/wp\/v2\/pages\/174","targetHints":{"allow":["GET"]}}],"collection":[{"href":"https:\/\/www.siemprevivaduo.fr\/index.php?rest_route=\/wp\/v2\/pages"}],"about":[{"href":"https:\/\/www.siemprevivaduo.fr\/index.php?rest_route=\/wp\/v2\/types\/page"}],"author":[{"embeddable":true,"href":"https:\/\/www.siemprevivaduo.fr\/index.php?rest_route=\/wp\/v2\/users\/1"}],"replies":[{"embeddable":true,"href":"https:\/\/www.siemprevivaduo.fr\/index.php?rest_route=%2Fwp%2Fv2%2Fcomments&post=174"}],"version-history":[{"count":115,"href":"https:\/\/www.siemprevivaduo.fr\/index.php?rest_route=\/wp\/v2\/pages\/174\/revisions"}],"predecessor-version":[{"id":637,"href":"https:\/\/www.siemprevivaduo.fr\/index.php?rest_route=\/wp\/v2\/pages\/174\/revisions\/637"}],"wp:featuredmedia":[{"embeddable":true,"href":"https:\/\/www.siemprevivaduo.fr\/index.php?rest_route=\/wp\/v2\/media\/135"}],"wp:attachment":[{"href":"https:\/\/www.siemprevivaduo.fr\/index.php?rest_route=%2Fwp%2Fv2%2Fmedia&parent=174"}],"curies":[{"name":"wp","href":"https:\/\/api.w.org\/{rel}","templated":true}]}}