{"id":16,"date":"2021-11-21T10:34:53","date_gmt":"2021-11-21T09:34:53","guid":{"rendered":"http:\/\/www.siemprevivaduo.fr\/?page_id=16"},"modified":"2025-11-07T09:03:00","modified_gmt":"2025-11-07T08:03:00","slug":"discographie","status":"publish","type":"page","link":"https:\/\/www.siemprevivaduo.fr\/?page_id=16","title":{"rendered":"Discographie"},"content":{"rendered":"\n<p class=\"has-text-align-left\"><\/p>\n\n\n\n<p>Apr\u00e8s  avoir un premier disque, \u00ab\u00a0Un s\u00e9jour en Italie\u00a0\u00bb, Niccolo Paganini, Mauro Giuliani, Filippo Gragnani, (\u00e9coutez sur<strong> <\/strong><a href=\"https:\/\/www.deezer.com\/fr\/album\/320116807\">Deezer<\/a> , <a href=\"https:\/\/open.spotify.com\/intl-fr\/album\/5ISLvjq7qBS3fH9XcNR1ak\">Spotify<\/a> ou <a href=\"https:\/\/www.youtube.com\/channel\/UCTNVPeu3Du3W051HcFlTbIA\">You tube<\/a>) &#8230;<\/p>\n\n\n\n<figure class=\"wp-block-image size-full is-resized\"><img loading=\"lazy\" decoding=\"async\" width=\"495\" height=\"514\" src=\"https:\/\/www.siemprevivaduo.fr\/wp-content\/uploads\/2022\/06\/Page-de-garde-du-disque-1.jpg\" alt=\"\" class=\"wp-image-234\" style=\"width:252px;height:auto\" srcset=\"https:\/\/www.siemprevivaduo.fr\/wp-content\/uploads\/2022\/06\/Page-de-garde-du-disque-1.jpg 495w, https:\/\/www.siemprevivaduo.fr\/wp-content\/uploads\/2022\/06\/Page-de-garde-du-disque-1-289x300.jpg 289w\" sizes=\"auto, (max-width: 495px) 100vw, 495px\" \/><\/figure>\n\n\n\n<p><\/p>\n\n\n\n<p>&#8230;le duo vous emm\u00e8ne en Argentine, \u00e0 Buenos Aires, gr\u00e2ce aux oeuvres d&rsquo;Astor Piazzolla (Histoire du Tango, Libertango) et Maximo Diego Pujol (Suite Buenos Aires, Cafe Para Dos), <br><\/p>\n\n\n\n<figure class=\"wp-block-image size-large is-resized\"><img loading=\"lazy\" decoding=\"async\" width=\"1009\" height=\"1024\" src=\"https:\/\/www.siemprevivaduo.fr\/wp-content\/uploads\/2025\/10\/image-1009x1024.png\" alt=\"\" class=\"wp-image-592\" style=\"width:307px;height:auto\" srcset=\"https:\/\/www.siemprevivaduo.fr\/wp-content\/uploads\/2025\/10\/image-1009x1024.png 1009w, https:\/\/www.siemprevivaduo.fr\/wp-content\/uploads\/2025\/10\/image-296x300.png 296w, https:\/\/www.siemprevivaduo.fr\/wp-content\/uploads\/2025\/10\/image-768x780.png 768w, https:\/\/www.siemprevivaduo.fr\/wp-content\/uploads\/2025\/10\/image.png 1194w\" sizes=\"auto, (max-width: 1009px) 100vw, 1009px\" \/><\/figure>\n\n\n\n<figure class=\"wp-block-audio\"><audio controls src=\"https:\/\/www.siemprevivaduo.fr\/wp-content\/uploads\/2025\/10\/Bordel-1900-Extrait-Piazzolla-Siempreviva.mp3\"><\/audio><\/figure>\n\n\n\n<p>Extrait : Bordel 1900 &#8211; Astor Piazzolla<\/p>\n\n\n\n<figure class=\"wp-block-audio\"><audio controls src=\"https:\/\/www.siemprevivaduo.fr\/wp-content\/uploads\/2025\/10\/San-Telmo-extrait.mp3\"><\/audio><\/figure>\n\n\n\n<p>Extrait : San Telmo &#8211; Maximo Diego Pujol<\/p>\n\n\n\n<p><p>Commander le disque : <\/p><p><iframe id=\"haWidget\" allowtransparency=\"true\" src=\"https:\/\/www.helloasso.com\/associations\/musiquette-tralala\/boutiques\/une-histoire-de-tango\/widget-bouton\" style=\"width: 100%; height: 70px; border: none;\" onload=\"window.addEventListener( 'message', function(e) { const dataHeight = e.data.height; const haWidgetElement = document.getElementById('haWidget'); haWidgetElement.height = dataHeight + 'px'; } )\"><\/iframe><\/p><\/p>\n\n\n\n<p><\/p>\n","protected":false},"excerpt":{"rendered":"<p>Apr\u00e8s avoir un premier disque, \u00ab\u00a0Un s\u00e9jour en Italie\u00a0\u00bb, Niccolo Paganini, Mauro Giuliani, Filippo Gragnani, (\u00e9coutez sur Deezer , Spotify ou You tube) &#8230; &#8230;le duo vous emm\u00e8ne en Argentine, \u00e0 Buenos Aires, gr\u00e2ce aux oeuvres d&rsquo;Astor Piazzolla (Histoire du &hellip; <a href=\"https:\/\/www.siemprevivaduo.fr\/?page_id=16\">Continuer la lecture <span class=\"meta-nav\">&rarr;<\/span><\/a><\/p>\n","protected":false},"author":1,"featured_media":135,"parent":0,"menu_order":0,"comment_status":"closed","ping_status":"closed","template":"","meta":{"footnotes":""},"class_list":["post-16","page","type-page","status-publish","has-post-thumbnail","hentry"],"_links":{"self":[{"href":"https:\/\/www.siemprevivaduo.fr\/index.php?rest_route=\/wp\/v2\/pages\/16","targetHints":{"allow":["GET"]}}],"collection":[{"href":"https:\/\/www.siemprevivaduo.fr\/index.php?rest_route=\/wp\/v2\/pages"}],"about":[{"href":"https:\/\/www.siemprevivaduo.fr\/index.php?rest_route=\/wp\/v2\/types\/page"}],"author":[{"embeddable":true,"href":"https:\/\/www.siemprevivaduo.fr\/index.php?rest_route=\/wp\/v2\/users\/1"}],"replies":[{"embeddable":true,"href":"https:\/\/www.siemprevivaduo.fr\/index.php?rest_route=%2Fwp%2Fv2%2Fcomments&post=16"}],"version-history":[{"count":43,"href":"https:\/\/www.siemprevivaduo.fr\/index.php?rest_route=\/wp\/v2\/pages\/16\/revisions"}],"predecessor-version":[{"id":622,"href":"https:\/\/www.siemprevivaduo.fr\/index.php?rest_route=\/wp\/v2\/pages\/16\/revisions\/622"}],"wp:featuredmedia":[{"embeddable":true,"href":"https:\/\/www.siemprevivaduo.fr\/index.php?rest_route=\/wp\/v2\/media\/135"}],"wp:attachment":[{"href":"https:\/\/www.siemprevivaduo.fr\/index.php?rest_route=%2Fwp%2Fv2%2Fmedia&parent=16"}],"curies":[{"name":"wp","href":"https:\/\/api.w.org\/{rel}","templated":true}]}}